{"id":371,"date":"2023-02-21T17:23:34","date_gmt":"2023-02-21T16:23:34","guid":{"rendered":"https:\/\/cintiabiran.com\/?page_id=371"},"modified":"2023-02-21T23:13:38","modified_gmt":"2023-02-21T22:13:38","slug":"pide-una-cita","status":"publish","type":"page","link":"https:\/\/cintiabiran.com\/index.php\/pide-una-cita\/","title":{"rendered":"Pide una cita"},"content":{"rendered":"\n<p>No te quedes con la duda<\/p>\n\n\n<div class=\"wpforms-container wpforms-container-full\" id=\"wpforms-255\"><form id=\"wpforms-form-255\" class=\"wpforms-validate wpforms-form wpforms-ajax-form\" data-formid=\"255\" method=\"post\" enctype=\"multipart\/form-data\" action=\"\/index.php\/wp-json\/wp\/v2\/pages\/371\" data-token=\"f1670ebf3d0f183efa4edaa7e91618f1\" data-token-time=\"1776380576\"><noscript class=\"wpforms-error-noscript\">Por favor, activa JavaScript en tu navegador para completar este formulario.<\/noscript><div class=\"wpforms-field-container\"><div id=\"wpforms-255-field_1-container\" class=\"wpforms-field wpforms-field-name\" data-field-id=\"1\"><label class=\"wpforms-field-label\">Nombre <span class=\"wpforms-required-label\">*<\/span><\/label><div class=\"wpforms-field-row wpforms-field-medium\"><div class=\"wpforms-field-row-block wpforms-first wpforms-one-half\"><input type=\"text\" id=\"wpforms-255-field_1\" class=\"wpforms-field-name-first wpforms-field-required\" name=\"wpforms[fields][1][first]\" required><label for=\"wpforms-255-field_1\" class=\"wpforms-field-sublabel after\">Nombre<\/label><\/div><div class=\"wpforms-field-row-block wpforms-one-half\"><input type=\"text\" id=\"wpforms-255-field_1-last\" class=\"wpforms-field-name-last wpforms-field-required\" name=\"wpforms[fields][1][last]\" required><label for=\"wpforms-255-field_1-last\" class=\"wpforms-field-sublabel after\">Apellidos<\/label><\/div><\/div><\/div><div id=\"wpforms-255-field_2-container\" class=\"wpforms-field wpforms-field-text\" data-field-id=\"2\"><label class=\"wpforms-field-label\" for=\"wpforms-255-field_2\">Tel\u00e9fono <span class=\"wpforms-required-label\">*<\/span><\/label><input type=\"text\" id=\"wpforms-255-field_2\" class=\"wpforms-field-medium wpforms-field-required\" name=\"wpforms[fields][2]\" required><\/div><div id=\"wpforms-255-field_3-container\" class=\"wpforms-field wpforms-field-email\" data-field-id=\"3\"><label class=\"wpforms-field-label\" for=\"wpforms-255-field_3\">Correo electr\u00f3nico<\/label><input type=\"email\" id=\"wpforms-255-field_3\" class=\"wpforms-field-medium\" name=\"wpforms[fields][3]\" spellcheck=\"false\" ><\/div><\/div><!-- .wpforms-field-container --><div class=\"wpforms-recaptcha-container wpforms-is-hcaptcha\" >\t\t<input\n\t\t\t\ttype=\"hidden\"\n\t\t\t\tclass=\"hcaptcha-widget-id\"\n\t\t\t\tname=\"hcaptcha-widget-id\"\n\t\t\t\tvalue=\"eyJzb3VyY2UiOlsid3Bmb3Jtc1wvd3Bmb3Jtcy5waHAiLCJ3cGZvcm1zLWxpdGVcL3dwZm9ybXMucGhwIl0sImZvcm1faWQiOjI1NX0=-06e8d703a4f1c8fee89c7025350cba32\">\n\t\t\t\t<h-captcha\n\t\t\tclass=\"h-captcha\"\n\t\t\tdata-sitekey=\"28482358-d86c-4ec2-9950-7526b1127d86\"\n\t\t\tdata-theme=\"light\"\n\t\t\tdata-size=\"normal\"\n\t\t\tdata-auto=\"false\"\n\t\t\tdata-ajax=\"false\"\n\t\t\tdata-force=\"false\">\n\t\t<\/h-captcha>\n\t\t<input type=\"hidden\" id=\"hcaptcha_wpforms_nonce\" name=\"hcaptcha_wpforms_nonce\" value=\"153c551fa9\" \/><input type=\"hidden\" name=\"_wp_http_referer\" value=\"\/index.php\/wp-json\/wp\/v2\/pages\/371\" \/><\/div><div class=\"wpforms-recaptcha-container wpforms-is-recaptcha wpforms-is-recaptcha-type-invisible\" ><div class=\"g-recaptcha\" data-sitekey=\"6LeYBSIlAAAAAEf0JxMFt0weiS4LmoaeN2QV2pLM\" data-size=\"invisible\"><\/div><\/div><div class=\"wpforms-submit-container\" ><input type=\"hidden\" name=\"wpforms[id]\" value=\"255\"><input type=\"hidden\" name=\"page_title\" value=\"\"><input type=\"hidden\" name=\"page_url\" value=\"https:\/\/cintiabiran.com\/index.php\/wp-json\/wp\/v2\/pages\/371\"><input type=\"hidden\" name=\"url_referer\" value=\"\"><button type=\"submit\" name=\"wpforms[submit]\" id=\"wpforms-submit-255\" class=\"wpforms-submit\" data-alt-text=\"Enviando...\" data-submit-text=\"Enviar\" aria-live=\"assertive\" value=\"wpforms-submit\">Enviar<\/button><img loading=\"lazy\" decoding=\"async\" src=\"https:\/\/cintiabiran.com\/wp-content\/plugins\/wpforms-lite\/assets\/images\/submit-spin.svg\" class=\"wpforms-submit-spinner\" style=\"display: none;\" width=\"26\" height=\"26\" alt=\"Cargando\"><\/div><\/form><\/div>  <!-- .wpforms-container -->\n\n\n\n<div id=\"wp-block-themeisle-blocks-advanced-columns-e56bf2dc\" class=\"wp-block-themeisle-blocks-advanced-columns has-1-columns has-desktop-equal-layout has-tablet-equal-layout has-mobile-equal-layout has-vertical-unset\"><div class=\"wp-block-themeisle-blocks-advanced-columns-overlay\"><\/div><div class=\"innerblocks-wrap\">\n<div id=\"wp-block-themeisle-blocks-advanced-column-963e071d\" class=\"wp-block-themeisle-blocks-advanced-column\"><\/div>\n<\/div><\/div>\n\n\n\n<div id=\"wp-block-themeisle-blocks-advanced-columns-4b43268d\" class=\"wp-block-themeisle-blocks-advanced-columns has-2-columns has-desktop-equal-layout has-tablet-equal-layout has-mobile-collapsedRows-layout has-vertical-unset\"><div class=\"wp-block-themeisle-blocks-advanced-columns-overlay\"><\/div><div class=\"innerblocks-wrap\">\n<div id=\"wp-block-themeisle-blocks-advanced-column-4f2f66da\" class=\"wp-block-themeisle-blocks-advanced-column\">\n<h3 class=\"has-text-align-center has-nv-text-dark-bg-background-color has-background wp-block-heading\"><strong>Redes sociales<\/strong><\/h3>\n\n\n\n<p class=\"has-text-align-center\">S\u00edguenos en redes sociales:<\/p>\n\n\n\n<ul class=\"wp-block-social-links aligncenter is-layout-flex wp-block-social-links-is-layout-flex\"><li class=\"wp-social-link wp-social-link-instagram  wp-block-social-link\"><a href=\"https:\/\/www.instagram.com\/cintiabiranpsicologa\" class=\"wp-block-social-link-anchor\"><svg width=\"24\" height=\"24\" viewBox=\"0 0 24 24\" version=\"1.1\" xmlns=\"http:\/\/www.w3.org\/2000\/svg\" aria-hidden=\"true\" focusable=\"false\"><path d=\"M12,4.622c2.403,0,2.688,0.009,3.637,0.052c0.877,0.04,1.354,0.187,1.671,0.31c0.42,0.163,0.72,0.358,1.035,0.673 c0.315,0.315,0.51,0.615,0.673,1.035c0.123,0.317,0.27,0.794,0.31,1.671c0.043,0.949,0.052,1.234,0.052,3.637 s-0.009,2.688-0.052,3.637c-0.04,0.877-0.187,1.354-0.31,1.671c-0.163,0.42-0.358,0.72-0.673,1.035 c-0.315,0.315-0.615,0.51-1.035,0.673c-0.317,0.123-0.794,0.27-1.671,0.31c-0.949,0.043-1.233,0.052-3.637,0.052 s-2.688-0.009-3.637-0.052c-0.877-0.04-1.354-0.187-1.671-0.31c-0.42-0.163-0.72-0.358-1.035-0.673 c-0.315-0.315-0.51-0.615-0.673-1.035c-0.123-0.317-0.27-0.794-0.31-1.671C4.631,14.688,4.622,14.403,4.622,12 s0.009-2.688,0.052-3.637c0.04-0.877,0.187-1.354,0.31-1.671c0.163-0.42,0.358-0.72,0.673-1.035 c0.315-0.315,0.615-0.51,1.035-0.673c0.317-0.123,0.794-0.27,1.671-0.31C9.312,4.631,9.597,4.622,12,4.622 M12,3 C9.556,3,9.249,3.01,8.289,3.054C7.331,3.098,6.677,3.25,6.105,3.472C5.513,3.702,5.011,4.01,4.511,4.511 c-0.5,0.5-0.808,1.002-1.038,1.594C3.25,6.677,3.098,7.331,3.054,8.289C3.01,9.249,3,9.556,3,12c0,2.444,0.01,2.751,0.054,3.711 c0.044,0.958,0.196,1.612,0.418,2.185c0.23,0.592,0.538,1.094,1.038,1.594c0.5,0.5,1.002,0.808,1.594,1.038 c0.572,0.222,1.227,0.375,2.185,0.418C9.249,20.99,9.556,21,12,21s2.751-0.01,3.711-0.054c0.958-0.044,1.612-0.196,2.185-0.418 c0.592-0.23,1.094-0.538,1.594-1.038c0.5-0.5,0.808-1.002,1.038-1.594c0.222-0.572,0.375-1.227,0.418-2.185 C20.99,14.751,21,14.444,21,12s-0.01-2.751-0.054-3.711c-0.044-0.958-0.196-1.612-0.418-2.185c-0.23-0.592-0.538-1.094-1.038-1.594 c-0.5-0.5-1.002-0.808-1.594-1.038c-0.572-0.222-1.227-0.375-2.185-0.418C14.751,3.01,14.444,3,12,3L12,3z M12,7.378 c-2.552,0-4.622,2.069-4.622,4.622S9.448,16.622,12,16.622s4.622-2.069,4.622-4.622S14.552,7.378,12,7.378z M12,15 c-1.657,0-3-1.343-3-3s1.343-3,3-3s3,1.343,3,3S13.657,15,12,15z M16.804,6.116c-0.596,0-1.08,0.484-1.08,1.08 s0.484,1.08,1.08,1.08c0.596,0,1.08-0.484,1.08-1.08S17.401,6.116,16.804,6.116z\"><\/path><\/svg><span class=\"wp-block-social-link-label screen-reader-text\">Instagram<\/span><\/a><\/li>\n\n<li class=\"wp-social-link wp-social-link-facebook  wp-block-social-link\"><a href=\"https:\/\/www.facebook.com\/profile.php?id=100090708512037\" class=\"wp-block-social-link-anchor\"><svg width=\"24\" height=\"24\" viewBox=\"0 0 24 24\" version=\"1.1\" xmlns=\"http:\/\/www.w3.org\/2000\/svg\" aria-hidden=\"true\" focusable=\"false\"><path d=\"M12 2C6.5 2 2 6.5 2 12c0 5 3.7 9.1 8.4 9.9v-7H7.9V12h2.5V9.8c0-2.5 1.5-3.9 3.8-3.9 1.1 0 2.2.2 2.2.2v2.5h-1.3c-1.2 0-1.6.8-1.6 1.6V12h2.8l-.4 2.9h-2.3v7C18.3 21.1 22 17 22 12c0-5.5-4.5-10-10-10z\"><\/path><\/svg><span class=\"wp-block-social-link-label screen-reader-text\">Facebook<\/span><\/a><\/li>\n\n<li class=\"wp-social-link wp-social-link-twitter  wp-block-social-link\"><a href=\"https:\/\/twitter.com\/cintiabiranpsi\" class=\"wp-block-social-link-anchor\"><svg width=\"24\" height=\"24\" viewBox=\"0 0 24 24\" version=\"1.1\" xmlns=\"http:\/\/www.w3.org\/2000\/svg\" aria-hidden=\"true\" focusable=\"false\"><path d=\"M22.23,5.924c-0.736,0.326-1.527,0.547-2.357,0.646c0.847-0.508,1.498-1.312,1.804-2.27 c-0.793,0.47-1.671,0.812-2.606,0.996C18.324,4.498,17.257,4,16.077,4c-2.266,0-4.103,1.837-4.103,4.103 c0,0.322,0.036,0.635,0.106,0.935C8.67,8.867,5.647,7.234,3.623,4.751C3.27,5.357,3.067,6.062,3.067,6.814 c0,1.424,0.724,2.679,1.825,3.415c-0.673-0.021-1.305-0.206-1.859-0.513c0,0.017,0,0.034,0,0.052c0,1.988,1.414,3.647,3.292,4.023 c-0.344,0.094-0.707,0.144-1.081,0.144c-0.264,0-0.521-0.026-0.772-0.074c0.522,1.63,2.038,2.816,3.833,2.85 c-1.404,1.1-3.174,1.756-5.096,1.756c-0.331,0-0.658-0.019-0.979-0.057c1.816,1.164,3.973,1.843,6.29,1.843 c7.547,0,11.675-6.252,11.675-11.675c0-0.178-0.004-0.355-0.012-0.531C20.985,7.47,21.68,6.747,22.23,5.924z\"><\/path><\/svg><span class=\"wp-block-social-link-label screen-reader-text\">Twitter<\/span><\/a><\/li><\/ul>\n\n\n\n<p class=\"has-text-align-center\">email: info@cintiabiran.com<\/p>\n\n\n\n<p class=\"has-text-align-center\">Tel\u00e9fono: (+34) 623 744 871<\/p>\n<\/div>\n\n\n\n<div id=\"wp-block-themeisle-blocks-advanced-column-92bfd0e7\" class=\"wp-block-themeisle-blocks-advanced-column\"><div class=\"wp-block-image\">\n<figure class=\"alignright size-full is-resized\"><img loading=\"lazy\" decoding=\"async\" src=\"https:\/\/cintiabiran.com\/wp-content\/uploads\/2023\/02\/how-to-write-10000-words-a-week-1.png\" alt=\"\" class=\"wp-image-24\" width=\"487\" height=\"160\" srcset=\"https:\/\/cintiabiran.com\/wp-content\/uploads\/2023\/02\/how-to-write-10000-words-a-week-1.png 850w, https:\/\/cintiabiran.com\/wp-content\/uploads\/2023\/02\/how-to-write-10000-words-a-week-1-300x99.png 300w, https:\/\/cintiabiran.com\/wp-content\/uploads\/2023\/02\/how-to-write-10000-words-a-week-1-768x253.png 768w\" sizes=\"auto, (max-width: 487px) 100vw, 487px\" \/><\/figure>\n<\/div><\/div>\n<\/div><\/div>\n","protected":false},"excerpt":{"rendered":"<p>No te quedes con la duda<\/p>\n","protected":false},"author":1,"featured_media":0,"parent":0,"menu_order":0,"comment_status":"closed","ping_status":"closed","template":"","meta":{"om_disable_all_campaigns":false,"_eb_attr":"","_monsterinsights_skip_tracking":false,"_monsterinsights_sitenote_active":false,"_monsterinsights_sitenote_note":"","_monsterinsights_sitenote_category":0,"neve_meta_sidebar":"full-width","neve_meta_container":"contained","neve_meta_enable_content_width":"","neve_meta_content_width":0,"neve_meta_title_alignment":"","neve_meta_author_avatar":"","neve_post_elements_order":"","neve_meta_disable_header":"","neve_meta_disable_footer":"on","neve_meta_disable_title":"","_themeisle_gutenberg_block_has_review":false,"_joinchat":[],"footnotes":""},"class_list":["post-371","page","type-page","status-publish","hentry"],"yoast_head":"<!-- This site is optimized with the Yoast SEO plugin v26.9 - https:\/\/yoast.com\/product\/yoast-seo-wordpress\/ -->\n<title>Pide una cita - Cintia Bir\u00e1n<\/title>\n<meta name=\"description\" content=\"Licenciada en Psicolog\u00eda, llevo a\u00f1os trabajando y acompa\u00f1ando a las personas en los distintos procesos vitales. Especial atenci\u00f3n a las personas mayores: terapia psicol\u00f3gica, estimulaci\u00f3n de la memoria y gesti\u00f3n de las emociones. Terapia psicol\u00f3gica para personas adultas.\" \/>\n<meta name=\"robots\" content=\"index, follow, max-snippet:-1, max-image-preview:large, max-video-preview:-1\" \/>\n<link rel=\"canonical\" href=\"https:\/\/cintiabiran.com\/index.php\/pide-una-cita\/\" \/>\n<meta property=\"og:locale\" content=\"es_ES\" \/>\n<meta property=\"og:type\" content=\"article\" \/>\n<meta property=\"og:title\" content=\"Pide una cita - Cintia Bir\u00e1n\" \/>\n<meta property=\"og:description\" content=\"Licenciada en Psicolog\u00eda, llevo a\u00f1os trabajando y acompa\u00f1ando a las personas en los distintos procesos vitales. Especial atenci\u00f3n a las personas mayores: terapia psicol\u00f3gica, estimulaci\u00f3n de la memoria y gesti\u00f3n de las emociones. Terapia psicol\u00f3gica para personas adultas.\" \/>\n<meta property=\"og:url\" content=\"https:\/\/cintiabiran.com\/index.php\/pide-una-cita\/\" \/>\n<meta property=\"og:site_name\" content=\"Cintia Bir\u00e1n\" \/>\n<meta property=\"article:modified_time\" content=\"2023-02-21T22:13:38+00:00\" \/>\n<meta property=\"og:image\" content=\"https:\/\/cintiabiran.com\/wp-content\/uploads\/2023\/02\/how-to-write-10000-words-a-week-1.png\" \/>\n<meta name=\"twitter:card\" content=\"summary_large_image\" \/>\n<meta name=\"twitter:site\" content=\"@cintiabiranpsi\" \/>\n<script type=\"application\/ld+json\" class=\"yoast-schema-graph\">{\"@context\":\"https:\/\/schema.org\",\"@graph\":[{\"@type\":\"WebPage\",\"@id\":\"https:\/\/cintiabiran.com\/index.php\/pide-una-cita\/\",\"url\":\"https:\/\/cintiabiran.com\/index.php\/pide-una-cita\/\",\"name\":\"Pide una cita - Cintia Bir\u00e1n\",\"isPartOf\":{\"@id\":\"https:\/\/cintiabiran.com\/#website\"},\"primaryImageOfPage\":{\"@id\":\"https:\/\/cintiabiran.com\/index.php\/pide-una-cita\/#primaryimage\"},\"image\":{\"@id\":\"https:\/\/cintiabiran.com\/index.php\/pide-una-cita\/#primaryimage\"},\"thumbnailUrl\":\"https:\/\/cintiabiran.com\/wp-content\/uploads\/2023\/02\/how-to-write-10000-words-a-week-1.png\",\"datePublished\":\"2023-02-21T16:23:34+00:00\",\"dateModified\":\"2023-02-21T22:13:38+00:00\",\"description\":\"Licenciada en Psicolog\u00eda, llevo a\u00f1os trabajando y acompa\u00f1ando a las personas en los distintos procesos vitales. Especial atenci\u00f3n a las personas mayores: terapia psicol\u00f3gica, estimulaci\u00f3n de la memoria y gesti\u00f3n de las emociones. Terapia psicol\u00f3gica para personas adultas.\",\"breadcrumb\":{\"@id\":\"https:\/\/cintiabiran.com\/index.php\/pide-una-cita\/#breadcrumb\"},\"inLanguage\":\"es\",\"potentialAction\":[{\"@type\":\"ReadAction\",\"target\":[\"https:\/\/cintiabiran.com\/index.php\/pide-una-cita\/\"]}]},{\"@type\":\"ImageObject\",\"inLanguage\":\"es\",\"@id\":\"https:\/\/cintiabiran.com\/index.php\/pide-una-cita\/#primaryimage\",\"url\":\"https:\/\/cintiabiran.com\/wp-content\/uploads\/2023\/02\/how-to-write-10000-words-a-week-1.png\",\"contentUrl\":\"https:\/\/cintiabiran.com\/wp-content\/uploads\/2023\/02\/how-to-write-10000-words-a-week-1.png\",\"width\":850,\"height\":280,\"caption\":\"Attachment Caption\"},{\"@type\":\"BreadcrumbList\",\"@id\":\"https:\/\/cintiabiran.com\/index.php\/pide-una-cita\/#breadcrumb\",\"itemListElement\":[{\"@type\":\"ListItem\",\"position\":1,\"name\":\"Portada\",\"item\":\"https:\/\/cintiabiran.com\/\"},{\"@type\":\"ListItem\",\"position\":2,\"name\":\"Pide una cita\"}]},{\"@type\":\"WebSite\",\"@id\":\"https:\/\/cintiabiran.com\/#website\",\"url\":\"https:\/\/cintiabiran.com\/\",\"name\":\"Cintia Bir\u00e1n Psic\u00f3loga\",\"description\":\"Psic\u00f3loga\",\"publisher\":{\"@id\":\"https:\/\/cintiabiran.com\/#\/schema\/person\/8787b13f6972cad4ad83ca4139cadcc9\"},\"alternateName\":\"Pisc\u00f3logia\",\"potentialAction\":[{\"@type\":\"SearchAction\",\"target\":{\"@type\":\"EntryPoint\",\"urlTemplate\":\"https:\/\/cintiabiran.com\/?s={search_term_string}\"},\"query-input\":{\"@type\":\"PropertyValueSpecification\",\"valueRequired\":true,\"valueName\":\"search_term_string\"}}],\"inLanguage\":\"es\"},{\"@type\":[\"Person\",\"Organization\"],\"@id\":\"https:\/\/cintiabiran.com\/#\/schema\/person\/8787b13f6972cad4ad83ca4139cadcc9\",\"name\":\"admin9764\",\"image\":{\"@type\":\"ImageObject\",\"inLanguage\":\"es\",\"@id\":\"https:\/\/cintiabiran.com\/#\/schema\/person\/image\/\",\"url\":\"https:\/\/cintiabiran.com\/wp-content\/uploads\/2023\/02\/Diseno-sin-titulo.png\",\"contentUrl\":\"https:\/\/cintiabiran.com\/wp-content\/uploads\/2023\/02\/Diseno-sin-titulo.png\",\"width\":477,\"height\":477,\"caption\":\"admin9764\"},\"logo\":{\"@id\":\"https:\/\/cintiabiran.com\/#\/schema\/person\/image\/\"},\"sameAs\":[\"http:\/\/cintias.cluster031.hosting.ovh.net\"]}]}<\/script>\n<!-- \/ Yoast SEO plugin. -->","yoast_head_json":{"title":"Pide una cita - Cintia Bir\u00e1n","description":"Licenciada en Psicolog\u00eda, llevo a\u00f1os trabajando y acompa\u00f1ando a las personas en los distintos procesos vitales. Especial atenci\u00f3n a las personas mayores: terapia psicol\u00f3gica, estimulaci\u00f3n de la memoria y gesti\u00f3n de las emociones. Terapia psicol\u00f3gica para personas adultas.","robots":{"index":"index","follow":"follow","max-snippet":"max-snippet:-1","max-image-preview":"max-image-preview:large","max-video-preview":"max-video-preview:-1"},"canonical":"https:\/\/cintiabiran.com\/index.php\/pide-una-cita\/","og_locale":"es_ES","og_type":"article","og_title":"Pide una cita - Cintia Bir\u00e1n","og_description":"Licenciada en Psicolog\u00eda, llevo a\u00f1os trabajando y acompa\u00f1ando a las personas en los distintos procesos vitales. Especial atenci\u00f3n a las personas mayores: terapia psicol\u00f3gica, estimulaci\u00f3n de la memoria y gesti\u00f3n de las emociones. Terapia psicol\u00f3gica para personas adultas.","og_url":"https:\/\/cintiabiran.com\/index.php\/pide-una-cita\/","og_site_name":"Cintia Bir\u00e1n","article_modified_time":"2023-02-21T22:13:38+00:00","og_image":[{"url":"https:\/\/cintiabiran.com\/wp-content\/uploads\/2023\/02\/how-to-write-10000-words-a-week-1.png","type":"","width":"","height":""}],"twitter_card":"summary_large_image","twitter_site":"@cintiabiranpsi","schema":{"@context":"https:\/\/schema.org","@graph":[{"@type":"WebPage","@id":"https:\/\/cintiabiran.com\/index.php\/pide-una-cita\/","url":"https:\/\/cintiabiran.com\/index.php\/pide-una-cita\/","name":"Pide una cita - Cintia Bir\u00e1n","isPartOf":{"@id":"https:\/\/cintiabiran.com\/#website"},"primaryImageOfPage":{"@id":"https:\/\/cintiabiran.com\/index.php\/pide-una-cita\/#primaryimage"},"image":{"@id":"https:\/\/cintiabiran.com\/index.php\/pide-una-cita\/#primaryimage"},"thumbnailUrl":"https:\/\/cintiabiran.com\/wp-content\/uploads\/2023\/02\/how-to-write-10000-words-a-week-1.png","datePublished":"2023-02-21T16:23:34+00:00","dateModified":"2023-02-21T22:13:38+00:00","description":"Licenciada en Psicolog\u00eda, llevo a\u00f1os trabajando y acompa\u00f1ando a las personas en los distintos procesos vitales. Especial atenci\u00f3n a las personas mayores: terapia psicol\u00f3gica, estimulaci\u00f3n de la memoria y gesti\u00f3n de las emociones. Terapia psicol\u00f3gica para personas adultas.","breadcrumb":{"@id":"https:\/\/cintiabiran.com\/index.php\/pide-una-cita\/#breadcrumb"},"inLanguage":"es","potentialAction":[{"@type":"ReadAction","target":["https:\/\/cintiabiran.com\/index.php\/pide-una-cita\/"]}]},{"@type":"ImageObject","inLanguage":"es","@id":"https:\/\/cintiabiran.com\/index.php\/pide-una-cita\/#primaryimage","url":"https:\/\/cintiabiran.com\/wp-content\/uploads\/2023\/02\/how-to-write-10000-words-a-week-1.png","contentUrl":"https:\/\/cintiabiran.com\/wp-content\/uploads\/2023\/02\/how-to-write-10000-words-a-week-1.png","width":850,"height":280,"caption":"Attachment Caption"},{"@type":"BreadcrumbList","@id":"https:\/\/cintiabiran.com\/index.php\/pide-una-cita\/#breadcrumb","itemListElement":[{"@type":"ListItem","position":1,"name":"Portada","item":"https:\/\/cintiabiran.com\/"},{"@type":"ListItem","position":2,"name":"Pide una cita"}]},{"@type":"WebSite","@id":"https:\/\/cintiabiran.com\/#website","url":"https:\/\/cintiabiran.com\/","name":"Cintia Bir\u00e1n Psic\u00f3loga","description":"Psic\u00f3loga","publisher":{"@id":"https:\/\/cintiabiran.com\/#\/schema\/person\/8787b13f6972cad4ad83ca4139cadcc9"},"alternateName":"Pisc\u00f3logia","potentialAction":[{"@type":"SearchAction","target":{"@type":"EntryPoint","urlTemplate":"https:\/\/cintiabiran.com\/?s={search_term_string}"},"query-input":{"@type":"PropertyValueSpecification","valueRequired":true,"valueName":"search_term_string"}}],"inLanguage":"es"},{"@type":["Person","Organization"],"@id":"https:\/\/cintiabiran.com\/#\/schema\/person\/8787b13f6972cad4ad83ca4139cadcc9","name":"admin9764","image":{"@type":"ImageObject","inLanguage":"es","@id":"https:\/\/cintiabiran.com\/#\/schema\/person\/image\/","url":"https:\/\/cintiabiran.com\/wp-content\/uploads\/2023\/02\/Diseno-sin-titulo.png","contentUrl":"https:\/\/cintiabiran.com\/wp-content\/uploads\/2023\/02\/Diseno-sin-titulo.png","width":477,"height":477,"caption":"admin9764"},"logo":{"@id":"https:\/\/cintiabiran.com\/#\/schema\/person\/image\/"},"sameAs":["http:\/\/cintias.cluster031.hosting.ovh.net"]}]}},"_links":{"self":[{"href":"https:\/\/cintiabiran.com\/index.php\/wp-json\/wp\/v2\/pages\/371","targetHints":{"allow":["GET"]}}],"collection":[{"href":"https:\/\/cintiabiran.com\/index.php\/wp-json\/wp\/v2\/pages"}],"about":[{"href":"https:\/\/cintiabiran.com\/index.php\/wp-json\/wp\/v2\/types\/page"}],"author":[{"embeddable":true,"href":"https:\/\/cintiabiran.com\/index.php\/wp-json\/wp\/v2\/users\/1"}],"replies":[{"embeddable":true,"href":"https:\/\/cintiabiran.com\/index.php\/wp-json\/wp\/v2\/comments?post=371"}],"version-history":[{"count":2,"href":"https:\/\/cintiabiran.com\/index.php\/wp-json\/wp\/v2\/pages\/371\/revisions"}],"predecessor-version":[{"id":395,"href":"https:\/\/cintiabiran.com\/index.php\/wp-json\/wp\/v2\/pages\/371\/revisions\/395"}],"wp:attachment":[{"href":"https:\/\/cintiabiran.com\/index.php\/wp-json\/wp\/v2\/media?parent=371"}],"curies":[{"name":"wp","href":"https:\/\/api.w.org\/{rel}","templated":true}]}}