{"id":110,"date":"2019-11-26T12:23:06","date_gmt":"2019-11-26T12:23:06","guid":{"rendered":"https:\/\/demosites.io\/blogger-gb\/?page_id=6"},"modified":"2025-11-14T20:46:56","modified_gmt":"2025-11-14T19:46:56","slug":"582c1-blogger-gb-about","status":"publish","type":"page","link":"https:\/\/cintiabiran.com\/index.php\/582c1-blogger-gb-about\/","title":{"rendered":"Sobre m\u00ed"},"content":{"rendered":"\n<div id=\"wp-block-themeisle-blocks-advanced-columns-0420b78e\" class=\"wp-block-themeisle-blocks-advanced-columns has-1-columns has-desktop-equal-layout has-tablet-equal-layout has-mobile-equal-layout has-vertical-unset\"><div class=\"wp-block-themeisle-blocks-advanced-columns-overlay\"><\/div><div class=\"innerblocks-wrap\">\n<div id=\"wp-block-themeisle-blocks-advanced-column-07c8372f\" class=\"wp-block-themeisle-blocks-advanced-column ticss-1e4a2cbe\"><div class=\"wp-block-image\">\n<figure class=\"aligncenter size-full is-resized\"><img loading=\"lazy\" decoding=\"async\" width=\"1390\" height=\"2036\" src=\"https:\/\/cintiabiran.com\/wp-content\/uploads\/2024\/09\/photostudio_1722504911283-1.jpg\" alt=\"\" class=\"wp-image-672\" style=\"width:204px;height:auto\" srcset=\"https:\/\/cintiabiran.com\/wp-content\/uploads\/2024\/09\/photostudio_1722504911283-1.jpg 1390w, https:\/\/cintiabiran.com\/wp-content\/uploads\/2024\/09\/photostudio_1722504911283-1-205x300.jpg 205w, https:\/\/cintiabiran.com\/wp-content\/uploads\/2024\/09\/photostudio_1722504911283-1-699x1024.jpg 699w, https:\/\/cintiabiran.com\/wp-content\/uploads\/2024\/09\/photostudio_1722504911283-1-768x1125.jpg 768w, https:\/\/cintiabiran.com\/wp-content\/uploads\/2024\/09\/photostudio_1722504911283-1-1049x1536.jpg 1049w\" sizes=\"auto, (max-width: 1390px) 100vw, 1390px\" \/><\/figure>\n<\/div>\n\n\n<figure class=\"wp-block-image size-full is-resized\"><img loading=\"lazy\" decoding=\"async\" width=\"100\" height=\"75\" src=\"https:\/\/cintiabiran.com\/wp-content\/uploads\/2023\/02\/blanco.png\" alt=\"\" class=\"wp-image-478\" style=\"width:27px;height:20px\"\/><\/figure>\n\n\n\n<h2 class=\"wp-block-heading has-text-align-center\">Mi experiencia<\/h2>\n\n\n\n<p>El camino se demuestra andando, por lo que adem\u00e1s de encontrarme en constante formaci\u00f3n y actualizaci\u00f3n he colaborado en las siguientes organizaciones:<\/p>\n\n\n\n<ul>\n<li>Ajuntament de Barcelona<\/li>\n<li>Ajuntament de Cornell\u00e0<\/li>\n<li>Asociaci\u00f3n de Familiares de Enfermos Mentales de Hospitalet (AFEMHOS)<\/li>\n<li>Centre M\u00e9dic Lesseps<\/li>\n<li>Centre Sociosanitari Palau<\/li>\n<li>Cruz Roja Espa\u00f1ola<\/li>\n<li>Fundaci\u00f3 Pasqual Maragall<\/li>\n<li>Fundaci\u00f3 Universitat Polit\u00e8cnica de Catalunya<\/li>\n<li>Obra Social \u201cLa Caixa\u201d<\/li>\n<li>Projecte Home<\/li>\n<li>Psicologia Sense Fronteres Catalunya<\/li>\n<li>Residencial Mas d\u2019Angl\u00ed<\/li>\n<li>Tu Espacio Psicol\u00f3gico<\/li>\n<li>Universitat de Barcelona<\/li>\n<li>Unobravo<\/li>\n<\/ul>\n\n\n\n<figure class=\"wp-block-image size-full is-resized\"><img loading=\"lazy\" decoding=\"async\" width=\"100\" height=\"75\" src=\"https:\/\/cintiabiran.com\/wp-content\/uploads\/2023\/02\/blanco.png\" alt=\"\" class=\"wp-image-478\" style=\"width:33px;height:25px\"\/><\/figure>\n\n\n\n<div class=\"wp-block-group\"><div class=\"wp-block-group__inner-container is-layout-constrained wp-block-group-is-layout-constrained\">\n<div class=\"wp-block-columns is-layout-flex wp-container-core-columns-is-layout-9d6595d7 wp-block-columns-is-layout-flex\">\n<div class=\"wp-block-column is-layout-flow wp-block-column-is-layout-flow\" style=\"flex-basis:100%\"><\/div>\n<\/div>\n<\/div><\/div>\n\n\n\n<figure class=\"wp-block-image size-full is-resized\"><img loading=\"lazy\" decoding=\"async\" width=\"100\" height=\"75\" src=\"https:\/\/cintiabiran.com\/wp-content\/uploads\/2023\/02\/blanco.png\" alt=\"\" class=\"wp-image-478\" style=\"width:47px;height:35px\"\/><\/figure>\n\n\n<div class=\"wp-block-image\">\n<figure class=\"aligncenter size-full is-resized\"><img loading=\"lazy\" decoding=\"async\" width=\"555\" height=\"241\" src=\"https:\/\/cintiabiran.com\/wp-content\/uploads\/2023\/03\/sello-1.jpg\" alt=\"\" class=\"wp-image-615\" style=\"width:437px;height:190px\" srcset=\"https:\/\/cintiabiran.com\/wp-content\/uploads\/2023\/03\/sello-1.jpg 555w, https:\/\/cintiabiran.com\/wp-content\/uploads\/2023\/03\/sello-1-300x130.jpg 300w\" sizes=\"auto, (max-width: 555px) 100vw, 555px\" \/><\/figure>\n<\/div><\/div>\n<\/div><\/div>\n\n\n\n<div id=\"wp-block-themeisle-blocks-advanced-columns-350732b2\" class=\"wp-block-themeisle-blocks-advanced-columns alignfull has-2-columns has-desktop-equal-layout has-tablet-equal-layout has-mobile-collapsedRows-layout has-vertical-unset has-dark-bg\"><div class=\"wp-block-themeisle-blocks-advanced-columns-overlay\"><\/div><div class=\"innerblocks-wrap\">\n<div id=\"wp-block-themeisle-blocks-advanced-column-b9f983d5\" class=\"wp-block-themeisle-blocks-advanced-column\">\n<h3 class=\"wp-block-heading has-nv-text-dark-bg-color has-text-color\">Blog <\/h3>\n\n\n\n<p class=\"has-nv-text-dark-bg-color has-text-color has-medium-font-size\"><a href=\"https:\/\/cintiabiran.com\/index.php\/2023\/02\/22\/la-soledad-en-las-personas-mayores\/\"><strong>La soledad en las personas mayores<\/strong><\/a><\/p>\n\n\n\n<p class=\"wp-block-themeisle-blocks-advanced-heading wp-block-themeisle-blocks-advanced-heading-291a439a has-nv-text-dark-bg-color has-text-color\">Cintia Bir\u00e1n, Psicol\u00f3ga \u00bfQu\u00e9 es la soledad? Podemos definir la soledad como el hecho objetivo de no estar acompa\u00f1ados, de ser uno solo en las diferentes circunstancias de la vida. De una manera m\u00e1s subjetiva<\/p>\n<\/div>\n\n\n\n<div id=\"wp-block-themeisle-blocks-advanced-column-57d9480e\" class=\"wp-block-themeisle-blocks-advanced-column\"><div class=\"wpforms-container wpforms-container-full\" id=\"wpforms-255\"><form id=\"wpforms-form-255\" class=\"wpforms-validate wpforms-form wpforms-ajax-form\" data-formid=\"255\" method=\"post\" enctype=\"multipart\/form-data\" action=\"\/index.php\/wp-json\/wp\/v2\/pages\/110\" data-token=\"f1670ebf3d0f183efa4edaa7e91618f1\" data-token-time=\"1776379931\"><noscript class=\"wpforms-error-noscript\">Por favor, activa JavaScript en tu navegador para completar este formulario.<\/noscript><div class=\"wpforms-field-container\"><div id=\"wpforms-255-field_1-container\" class=\"wpforms-field wpforms-field-name\" data-field-id=\"1\"><label class=\"wpforms-field-label\">Nombre <span class=\"wpforms-required-label\">*<\/span><\/label><div class=\"wpforms-field-row wpforms-field-medium\"><div class=\"wpforms-field-row-block wpforms-first wpforms-one-half\"><input type=\"text\" id=\"wpforms-255-field_1\" class=\"wpforms-field-name-first wpforms-field-required\" name=\"wpforms[fields][1][first]\" required><label for=\"wpforms-255-field_1\" class=\"wpforms-field-sublabel after\">Nombre<\/label><\/div><div class=\"wpforms-field-row-block wpforms-one-half\"><input type=\"text\" id=\"wpforms-255-field_1-last\" class=\"wpforms-field-name-last wpforms-field-required\" name=\"wpforms[fields][1][last]\" required><label for=\"wpforms-255-field_1-last\" class=\"wpforms-field-sublabel after\">Apellidos<\/label><\/div><\/div><\/div><div id=\"wpforms-255-field_2-container\" class=\"wpforms-field wpforms-field-text\" data-field-id=\"2\"><label class=\"wpforms-field-label\" for=\"wpforms-255-field_2\">Tel\u00e9fono <span class=\"wpforms-required-label\">*<\/span><\/label><input type=\"text\" id=\"wpforms-255-field_2\" class=\"wpforms-field-medium wpforms-field-required\" name=\"wpforms[fields][2]\" required><\/div><div id=\"wpforms-255-field_3-container\" class=\"wpforms-field wpforms-field-email\" data-field-id=\"3\"><label class=\"wpforms-field-label\" for=\"wpforms-255-field_3\">Correo electr\u00f3nico<\/label><input type=\"email\" id=\"wpforms-255-field_3\" class=\"wpforms-field-medium\" name=\"wpforms[fields][3]\" spellcheck=\"false\" ><\/div><\/div><!-- .wpforms-field-container --><div class=\"wpforms-recaptcha-container wpforms-is-hcaptcha\" >\t\t<input\n\t\t\t\ttype=\"hidden\"\n\t\t\t\tclass=\"hcaptcha-widget-id\"\n\t\t\t\tname=\"hcaptcha-widget-id\"\n\t\t\t\tvalue=\"eyJzb3VyY2UiOlsid3Bmb3Jtc1wvd3Bmb3Jtcy5waHAiLCJ3cGZvcm1zLWxpdGVcL3dwZm9ybXMucGhwIl0sImZvcm1faWQiOjI1NX0=-06e8d703a4f1c8fee89c7025350cba32\">\n\t\t\t\t<h-captcha\n\t\t\tclass=\"h-captcha\"\n\t\t\tdata-sitekey=\"28482358-d86c-4ec2-9950-7526b1127d86\"\n\t\t\tdata-theme=\"light\"\n\t\t\tdata-size=\"normal\"\n\t\t\tdata-auto=\"false\"\n\t\t\tdata-ajax=\"false\"\n\t\t\tdata-force=\"false\">\n\t\t<\/h-captcha>\n\t\t<input type=\"hidden\" id=\"hcaptcha_wpforms_nonce\" name=\"hcaptcha_wpforms_nonce\" value=\"153c551fa9\" \/><input type=\"hidden\" name=\"_wp_http_referer\" value=\"\/index.php\/wp-json\/wp\/v2\/pages\/110\" \/><\/div><div class=\"wpforms-recaptcha-container wpforms-is-recaptcha wpforms-is-recaptcha-type-invisible\" ><div class=\"g-recaptcha\" data-sitekey=\"6LeYBSIlAAAAAEf0JxMFt0weiS4LmoaeN2QV2pLM\" data-size=\"invisible\"><\/div><\/div><div class=\"wpforms-submit-container\" ><input type=\"hidden\" name=\"wpforms[id]\" value=\"255\"><input type=\"hidden\" name=\"page_title\" value=\"\"><input type=\"hidden\" name=\"page_url\" value=\"https:\/\/cintiabiran.com\/index.php\/wp-json\/wp\/v2\/pages\/110\"><input type=\"hidden\" name=\"url_referer\" value=\"\"><button type=\"submit\" name=\"wpforms[submit]\" id=\"wpforms-submit-255\" class=\"wpforms-submit\" data-alt-text=\"Enviando...\" data-submit-text=\"Enviar\" aria-live=\"assertive\" value=\"wpforms-submit\">Enviar<\/button><img loading=\"lazy\" decoding=\"async\" src=\"https:\/\/cintiabiran.com\/wp-content\/plugins\/wpforms-lite\/assets\/images\/submit-spin.svg\" class=\"wpforms-submit-spinner\" style=\"display: none;\" width=\"26\" height=\"26\" alt=\"Cargando\"><\/div><\/form><\/div>  <!-- .wpforms-container -->\n<\/div>\n<\/div><\/div>\n","protected":false},"excerpt":{"rendered":"","protected":false},"author":1,"featured_media":0,"parent":0,"menu_order":0,"comment_status":"closed","ping_status":"closed","template":"","meta":{"om_disable_all_campaigns":false,"_eb_attr":"","_monsterinsights_skip_tracking":false,"_monsterinsights_sitenote_active":false,"_monsterinsights_sitenote_note":"","_monsterinsights_sitenote_category":0,"neve_meta_sidebar":"full-width","neve_meta_container":"","neve_meta_enable_content_width":"on","neve_meta_content_width":100,"neve_meta_title_alignment":"","neve_meta_author_avatar":"","neve_post_elements_order":"","neve_meta_disable_header":"","neve_meta_disable_footer":"","neve_meta_disable_title":"on","_themeisle_gutenberg_block_has_review":false,"_joinchat":[],"footnotes":""},"class_list":["post-110","page","type-page","status-publish","hentry"],"yoast_head":"<!-- This site is optimized with the Yoast SEO plugin v26.9 - https:\/\/yoast.com\/product\/yoast-seo-wordpress\/ -->\n<title>Sobre m\u00ed - Cintia Bir\u00e1n<\/title>\n<meta name=\"description\" content=\"Licenciada en Psicolog\u00eda, llevo a\u00f1os trabajando y acompa\u00f1ando a las personas en los distintos procesos vitales. Especial atenci\u00f3n a las personas mayores: terapia psicol\u00f3gica, estimulaci\u00f3n de la memoria y gesti\u00f3n de las emociones. Terapia psicol\u00f3gica para personas adultas.\" \/>\n<meta name=\"robots\" content=\"index, follow, max-snippet:-1, max-image-preview:large, max-video-preview:-1\" \/>\n<link rel=\"canonical\" href=\"https:\/\/cintiabiran.com\/index.php\/582c1-blogger-gb-about\/\" \/>\n<meta property=\"og:locale\" content=\"es_ES\" \/>\n<meta property=\"og:type\" content=\"article\" \/>\n<meta property=\"og:title\" content=\"Sobre m\u00ed - Cintia Bir\u00e1n\" \/>\n<meta property=\"og:description\" content=\"Licenciada en Psicolog\u00eda, llevo a\u00f1os trabajando y acompa\u00f1ando a las personas en los distintos procesos vitales. Especial atenci\u00f3n a las personas mayores: terapia psicol\u00f3gica, estimulaci\u00f3n de la memoria y gesti\u00f3n de las emociones. Terapia psicol\u00f3gica para personas adultas.\" \/>\n<meta property=\"og:url\" content=\"https:\/\/cintiabiran.com\/index.php\/582c1-blogger-gb-about\/\" \/>\n<meta property=\"og:site_name\" content=\"Cintia Bir\u00e1n\" \/>\n<meta property=\"article:modified_time\" content=\"2025-11-14T19:46:56+00:00\" \/>\n<meta property=\"og:image\" content=\"https:\/\/cintiabiran.com\/wp-content\/uploads\/2024\/09\/photostudio_1722504911283-1.jpg\" \/>\n\t<meta property=\"og:image:width\" content=\"1390\" \/>\n\t<meta property=\"og:image:height\" content=\"2036\" \/>\n\t<meta property=\"og:image:type\" content=\"image\/jpeg\" \/>\n<meta name=\"twitter:card\" content=\"summary_large_image\" \/>\n<meta name=\"twitter:site\" content=\"@cintiabiranpsi\" \/>\n<meta name=\"twitter:label1\" content=\"Tiempo de lectura\" \/>\n\t<meta name=\"twitter:data1\" content=\"2 minutos\" \/>\n<script type=\"application\/ld+json\" class=\"yoast-schema-graph\">{\"@context\":\"https:\/\/schema.org\",\"@graph\":[{\"@type\":\"WebPage\",\"@id\":\"https:\/\/cintiabiran.com\/index.php\/582c1-blogger-gb-about\/\",\"url\":\"https:\/\/cintiabiran.com\/index.php\/582c1-blogger-gb-about\/\",\"name\":\"Sobre m\u00ed - Cintia Bir\u00e1n\",\"isPartOf\":{\"@id\":\"https:\/\/cintiabiran.com\/#website\"},\"primaryImageOfPage\":{\"@id\":\"https:\/\/cintiabiran.com\/index.php\/582c1-blogger-gb-about\/#primaryimage\"},\"image\":{\"@id\":\"https:\/\/cintiabiran.com\/index.php\/582c1-blogger-gb-about\/#primaryimage\"},\"thumbnailUrl\":\"https:\/\/cintiabiran.com\/wp-content\/uploads\/2024\/09\/photostudio_1722504911283-1.jpg\",\"datePublished\":\"2019-11-26T12:23:06+00:00\",\"dateModified\":\"2025-11-14T19:46:56+00:00\",\"description\":\"Licenciada en Psicolog\u00eda, llevo a\u00f1os trabajando y acompa\u00f1ando a las personas en los distintos procesos vitales. Especial atenci\u00f3n a las personas mayores: terapia psicol\u00f3gica, estimulaci\u00f3n de la memoria y gesti\u00f3n de las emociones. Terapia psicol\u00f3gica para personas adultas.\",\"breadcrumb\":{\"@id\":\"https:\/\/cintiabiran.com\/index.php\/582c1-blogger-gb-about\/#breadcrumb\"},\"inLanguage\":\"es\",\"potentialAction\":[{\"@type\":\"ReadAction\",\"target\":[\"https:\/\/cintiabiran.com\/index.php\/582c1-blogger-gb-about\/\"]}]},{\"@type\":\"ImageObject\",\"inLanguage\":\"es\",\"@id\":\"https:\/\/cintiabiran.com\/index.php\/582c1-blogger-gb-about\/#primaryimage\",\"url\":\"https:\/\/cintiabiran.com\/wp-content\/uploads\/2024\/09\/photostudio_1722504911283-1.jpg\",\"contentUrl\":\"https:\/\/cintiabiran.com\/wp-content\/uploads\/2024\/09\/photostudio_1722504911283-1.jpg\",\"width\":1390,\"height\":2036},{\"@type\":\"BreadcrumbList\",\"@id\":\"https:\/\/cintiabiran.com\/index.php\/582c1-blogger-gb-about\/#breadcrumb\",\"itemListElement\":[{\"@type\":\"ListItem\",\"position\":1,\"name\":\"Portada\",\"item\":\"https:\/\/cintiabiran.com\/\"},{\"@type\":\"ListItem\",\"position\":2,\"name\":\"Sobre m\u00ed\"}]},{\"@type\":\"WebSite\",\"@id\":\"https:\/\/cintiabiran.com\/#website\",\"url\":\"https:\/\/cintiabiran.com\/\",\"name\":\"Cintia Bir\u00e1n Psic\u00f3loga\",\"description\":\"Psic\u00f3loga\",\"publisher\":{\"@id\":\"https:\/\/cintiabiran.com\/#\/schema\/person\/8787b13f6972cad4ad83ca4139cadcc9\"},\"alternateName\":\"Pisc\u00f3logia\",\"potentialAction\":[{\"@type\":\"SearchAction\",\"target\":{\"@type\":\"EntryPoint\",\"urlTemplate\":\"https:\/\/cintiabiran.com\/?s={search_term_string}\"},\"query-input\":{\"@type\":\"PropertyValueSpecification\",\"valueRequired\":true,\"valueName\":\"search_term_string\"}}],\"inLanguage\":\"es\"},{\"@type\":[\"Person\",\"Organization\"],\"@id\":\"https:\/\/cintiabiran.com\/#\/schema\/person\/8787b13f6972cad4ad83ca4139cadcc9\",\"name\":\"admin9764\",\"image\":{\"@type\":\"ImageObject\",\"inLanguage\":\"es\",\"@id\":\"https:\/\/cintiabiran.com\/#\/schema\/person\/image\/\",\"url\":\"https:\/\/cintiabiran.com\/wp-content\/uploads\/2023\/02\/Diseno-sin-titulo.png\",\"contentUrl\":\"https:\/\/cintiabiran.com\/wp-content\/uploads\/2023\/02\/Diseno-sin-titulo.png\",\"width\":477,\"height\":477,\"caption\":\"admin9764\"},\"logo\":{\"@id\":\"https:\/\/cintiabiran.com\/#\/schema\/person\/image\/\"},\"sameAs\":[\"http:\/\/cintias.cluster031.hosting.ovh.net\"]}]}<\/script>\n<!-- \/ Yoast SEO plugin. -->","yoast_head_json":{"title":"Sobre m\u00ed - Cintia Bir\u00e1n","description":"Licenciada en Psicolog\u00eda, llevo a\u00f1os trabajando y acompa\u00f1ando a las personas en los distintos procesos vitales. Especial atenci\u00f3n a las personas mayores: terapia psicol\u00f3gica, estimulaci\u00f3n de la memoria y gesti\u00f3n de las emociones. Terapia psicol\u00f3gica para personas adultas.","robots":{"index":"index","follow":"follow","max-snippet":"max-snippet:-1","max-image-preview":"max-image-preview:large","max-video-preview":"max-video-preview:-1"},"canonical":"https:\/\/cintiabiran.com\/index.php\/582c1-blogger-gb-about\/","og_locale":"es_ES","og_type":"article","og_title":"Sobre m\u00ed - Cintia Bir\u00e1n","og_description":"Licenciada en Psicolog\u00eda, llevo a\u00f1os trabajando y acompa\u00f1ando a las personas en los distintos procesos vitales. Especial atenci\u00f3n a las personas mayores: terapia psicol\u00f3gica, estimulaci\u00f3n de la memoria y gesti\u00f3n de las emociones. Terapia psicol\u00f3gica para personas adultas.","og_url":"https:\/\/cintiabiran.com\/index.php\/582c1-blogger-gb-about\/","og_site_name":"Cintia Bir\u00e1n","article_modified_time":"2025-11-14T19:46:56+00:00","og_image":[{"width":1390,"height":2036,"url":"https:\/\/cintiabiran.com\/wp-content\/uploads\/2024\/09\/photostudio_1722504911283-1.jpg","type":"image\/jpeg"}],"twitter_card":"summary_large_image","twitter_site":"@cintiabiranpsi","twitter_misc":{"Tiempo de lectura":"2 minutos"},"schema":{"@context":"https:\/\/schema.org","@graph":[{"@type":"WebPage","@id":"https:\/\/cintiabiran.com\/index.php\/582c1-blogger-gb-about\/","url":"https:\/\/cintiabiran.com\/index.php\/582c1-blogger-gb-about\/","name":"Sobre m\u00ed - Cintia Bir\u00e1n","isPartOf":{"@id":"https:\/\/cintiabiran.com\/#website"},"primaryImageOfPage":{"@id":"https:\/\/cintiabiran.com\/index.php\/582c1-blogger-gb-about\/#primaryimage"},"image":{"@id":"https:\/\/cintiabiran.com\/index.php\/582c1-blogger-gb-about\/#primaryimage"},"thumbnailUrl":"https:\/\/cintiabiran.com\/wp-content\/uploads\/2024\/09\/photostudio_1722504911283-1.jpg","datePublished":"2019-11-26T12:23:06+00:00","dateModified":"2025-11-14T19:46:56+00:00","description":"Licenciada en Psicolog\u00eda, llevo a\u00f1os trabajando y acompa\u00f1ando a las personas en los distintos procesos vitales. Especial atenci\u00f3n a las personas mayores: terapia psicol\u00f3gica, estimulaci\u00f3n de la memoria y gesti\u00f3n de las emociones. Terapia psicol\u00f3gica para personas adultas.","breadcrumb":{"@id":"https:\/\/cintiabiran.com\/index.php\/582c1-blogger-gb-about\/#breadcrumb"},"inLanguage":"es","potentialAction":[{"@type":"ReadAction","target":["https:\/\/cintiabiran.com\/index.php\/582c1-blogger-gb-about\/"]}]},{"@type":"ImageObject","inLanguage":"es","@id":"https:\/\/cintiabiran.com\/index.php\/582c1-blogger-gb-about\/#primaryimage","url":"https:\/\/cintiabiran.com\/wp-content\/uploads\/2024\/09\/photostudio_1722504911283-1.jpg","contentUrl":"https:\/\/cintiabiran.com\/wp-content\/uploads\/2024\/09\/photostudio_1722504911283-1.jpg","width":1390,"height":2036},{"@type":"BreadcrumbList","@id":"https:\/\/cintiabiran.com\/index.php\/582c1-blogger-gb-about\/#breadcrumb","itemListElement":[{"@type":"ListItem","position":1,"name":"Portada","item":"https:\/\/cintiabiran.com\/"},{"@type":"ListItem","position":2,"name":"Sobre m\u00ed"}]},{"@type":"WebSite","@id":"https:\/\/cintiabiran.com\/#website","url":"https:\/\/cintiabiran.com\/","name":"Cintia Bir\u00e1n Psic\u00f3loga","description":"Psic\u00f3loga","publisher":{"@id":"https:\/\/cintiabiran.com\/#\/schema\/person\/8787b13f6972cad4ad83ca4139cadcc9"},"alternateName":"Pisc\u00f3logia","potentialAction":[{"@type":"SearchAction","target":{"@type":"EntryPoint","urlTemplate":"https:\/\/cintiabiran.com\/?s={search_term_string}"},"query-input":{"@type":"PropertyValueSpecification","valueRequired":true,"valueName":"search_term_string"}}],"inLanguage":"es"},{"@type":["Person","Organization"],"@id":"https:\/\/cintiabiran.com\/#\/schema\/person\/8787b13f6972cad4ad83ca4139cadcc9","name":"admin9764","image":{"@type":"ImageObject","inLanguage":"es","@id":"https:\/\/cintiabiran.com\/#\/schema\/person\/image\/","url":"https:\/\/cintiabiran.com\/wp-content\/uploads\/2023\/02\/Diseno-sin-titulo.png","contentUrl":"https:\/\/cintiabiran.com\/wp-content\/uploads\/2023\/02\/Diseno-sin-titulo.png","width":477,"height":477,"caption":"admin9764"},"logo":{"@id":"https:\/\/cintiabiran.com\/#\/schema\/person\/image\/"},"sameAs":["http:\/\/cintias.cluster031.hosting.ovh.net"]}]}},"_links":{"self":[{"href":"https:\/\/cintiabiran.com\/index.php\/wp-json\/wp\/v2\/pages\/110","targetHints":{"allow":["GET"]}}],"collection":[{"href":"https:\/\/cintiabiran.com\/index.php\/wp-json\/wp\/v2\/pages"}],"about":[{"href":"https:\/\/cintiabiran.com\/index.php\/wp-json\/wp\/v2\/types\/page"}],"author":[{"embeddable":true,"href":"https:\/\/cintiabiran.com\/index.php\/wp-json\/wp\/v2\/users\/1"}],"replies":[{"embeddable":true,"href":"https:\/\/cintiabiran.com\/index.php\/wp-json\/wp\/v2\/comments?post=110"}],"version-history":[{"count":36,"href":"https:\/\/cintiabiran.com\/index.php\/wp-json\/wp\/v2\/pages\/110\/revisions"}],"predecessor-version":[{"id":767,"href":"https:\/\/cintiabiran.com\/index.php\/wp-json\/wp\/v2\/pages\/110\/revisions\/767"}],"wp:attachment":[{"href":"https:\/\/cintiabiran.com\/index.php\/wp-json\/wp\/v2\/media?parent=110"}],"curies":[{"name":"wp","href":"https:\/\/api.w.org\/{rel}","templated":true}]}}